{"id":179,"date":"2015-10-06T09:41:41","date_gmt":"2015-10-06T09:41:41","guid":{"rendered":"http:\/\/ideedekunst.ee\/en\/kontakt\/"},"modified":"2015-10-19T14:27:36","modified_gmt":"2015-10-19T14:27:36","slug":"kontakt","status":"publish","type":"page","link":"https:\/\/ideedekunst.ee\/en\/kontakt\/","title":{"rendered":"Contact"},"content":{"rendered":"<p>Mul on hea meel, et oled j\u00f5udnud blogisse <strong>&#8220;Ideede Kunst&#8221;.<\/strong><\/p>\n<p>T\u00f5en\u00e4oliselt sellep\u00e4rast, et soovid lugeda inspireerivatest ideedest. Olgu tegu suurep\u00e4rase reklaami, viraalse video, geniaalse kuvandiloomise, sujuva suhtekorralduse v\u00f5i lihtsalt andeka kommunikatsiooniga, siis alguse on need alati saanud heast ideest.<\/p>\n<p>Millised on \u00fcldse head ideed? Kuidas saaks ideest lugu, mida m\u00e4letatakse, edasi r\u00e4\u00e4gitakse ja uuesti meelde tuletatakse? Nendest &#8220;Ideede kunstis&#8221; kirjutangi. Siin kogungi kokku esimesed ja k\u00f5ige olulisemad sammud, mis viisid t\u00f5eliselt hea looni: <strong>lihtsad ja ajatud ideed.<\/strong><\/p>\n<p>Ilma hea ideeta ei ole ka k\u00f5ige paremal teostusel jumet. K\u00f5igepealt strateegia, siis hea idee ja seej\u00e4rel idee elluviimine. Heast ideest v\u00f5ib saada t\u00f5eline kunstiteos &#8211; olgu see pilt v\u00f5i tekst v\u00f5i video.<\/p>\n<p>Minu nimi on Eero Loonurm. Kirjutan k\u00f5igest sellest, mis on p\u00fc\u00fcdnud mu pilku ning mis on minu meelest inspireeriv ja loovuse m\u00f5ttes t\u00f5eline kunst.<\/p>\n<p>Minuga saad \u00fchendust v\u00f5tta : <a href=\"mailto:blogi@ideedekunst.ee\"><strong>blogi@ideedekunst.ee<\/strong><\/a><\/p>\n","protected":false},"excerpt":{"rendered":"<p>Mul on hea meel, et oled j\u00f5udnud blogisse &#8220;Ideede Kunst&#8221;. T\u00f5en\u00e4oliselt sellep\u00e4rast, et soovid lugeda inspireerivatest ideedest. Olgu tegu suurep\u00e4rase reklaami, viraalse video, geniaalse kuvandiloomise, sujuva suhtekorralduse v\u00f5i lihtsalt andeka kommunikatsiooniga, siis alguse on need alati saanud heast ideest. Millised on \u00fcldse head ideed? Kuidas saaks ideest lugu, mida m\u00e4letatakse, edasi r\u00e4\u00e4gitakse ja uuesti meelde &hellip; <a href=\"https:\/\/ideedekunst.ee\/en\/kontakt\/\" class=\"more-link\">Continue reading<span class=\"screen-reader-text\"> &#8220;Contact&#8221;<\/span><\/a><\/p>\n","protected":false},"author":1,"featured_media":0,"parent":0,"menu_order":0,"comment_status":"closed","ping_status":"closed","template":"template-kontakt.php","meta":{"_acf_changed":false,"footnotes":""},"class_list":["post-179","page","type-page","status-publish","hentry"],"acf":[],"_links":{"self":[{"href":"https:\/\/ideedekunst.ee\/en\/wp-json\/wp\/v2\/pages\/179","targetHints":{"allow":["GET"]}}],"collection":[{"href":"https:\/\/ideedekunst.ee\/en\/wp-json\/wp\/v2\/pages"}],"about":[{"href":"https:\/\/ideedekunst.ee\/en\/wp-json\/wp\/v2\/types\/page"}],"author":[{"embeddable":true,"href":"https:\/\/ideedekunst.ee\/en\/wp-json\/wp\/v2\/users\/1"}],"replies":[{"embeddable":true,"href":"https:\/\/ideedekunst.ee\/en\/wp-json\/wp\/v2\/comments?post=179"}],"version-history":[{"count":5,"href":"https:\/\/ideedekunst.ee\/en\/wp-json\/wp\/v2\/pages\/179\/revisions"}],"predecessor-version":[{"id":191,"href":"https:\/\/ideedekunst.ee\/en\/wp-json\/wp\/v2\/pages\/179\/revisions\/191"}],"wp:attachment":[{"href":"https:\/\/ideedekunst.ee\/en\/wp-json\/wp\/v2\/media?parent=179"}],"curies":[{"name":"wp","href":"https:\/\/api.w.org\/{rel}","templated":true}]}}